{"id":2,"date":"2025-07-11T21:23:05","date_gmt":"2025-07-11T21:23:05","guid":{"rendered":"https:\/\/festimhalili.com\/?page_id=2"},"modified":"2025-07-14T15:51:37","modified_gmt":"2025-07-14T15:51:37","slug":"biografia","status":"publish","type":"page","link":"https:\/\/festimhalili.com\/index.php\/biografia\/","title":{"rendered":"Biografia"},"content":{"rendered":"\t\t<div data-elementor-type=\"wp-page\" data-elementor-id=\"2\" class=\"elementor elementor-2\">\n\t\t\t\t<div class=\"elementor-element elementor-element-198fdd78 e-flex e-con-boxed e-con e-parent\" data-id=\"198fdd78\" data-element_type=\"container\">\n\t\t\t\t\t<div class=\"e-con-inner\">\n\t\t\t\t<div class=\"elementor-element elementor-element-697f03c4 elementor-widget elementor-widget-text-editor\" data-id=\"697f03c4\" data-element_type=\"widget\" data-widget_type=\"text-editor.default\">\n\t\t\t\t\t\t\t\t\t\n<p>Dr. Festim Halili \u00ebsht\u00eb profesor ordinar n\u00eb departamentin e shkencave kompjuterike pran\u00eb Fakultetit t\u00eb Shkencave Matematike &#8211; Natyrore n\u00eb Universitetin e Tetov\u00ebs. Ai ka bartur disa p\u00ebrgjegj\u00ebsi n\u00eb institucione shtet\u00ebrore ku s\u00eb fundmi ka qen\u00eb drjetor i Fondit p\u00ebr Inovacion dhe Zhvillim Teknologjik nga 2022-2024. Nj\u00ebherit, u angazhua drejtor i NP Radiodifuzionit Nacional m\u00eb 09 N\u00ebntor 2020-2021. Ka qen\u00eb i angazhuar p\u00ebr 12 vite n\u00eb sektorin publik dhe privat n\u00eb fush\u00ebn e teknologjive t\u00eb informacionit si dhe komunikimet elektronike. <br \/>\u00a0Nga viti 2008-2010 ka qen\u00eb konsultant dhe zhvillues i protokoleve te telekomunimimit n\u00eb kompanin\u00eb gjermane p\u00ebr telekomunikacion Inacon GmBH me seli n\u00eb Karlsruhe t\u00eb Gjermanis\u00eb, ku ka punuar n\u00eb projekte t\u00eb m\u00ebdha si: wireshark help protocol dhe enciklopedin\u00eb e komunikimeve elektronike. N\u00eb t\u00eb nj\u00ebjt\u00ebn koh\u00eb ka bashk\u00ebpunuar dhe me kompanin\u00eb amerikane Scopic Software duke programuar n\u00eb QT.<br \/>N\u00eb vitin 2009 filloi me pun\u00eb n\u00eb qendr\u00ebn e Teknologjis\u00eb s\u00eb Informacionit n\u00eb Universitetin e Tetov\u00ebs, ku menaxhonte me rrjetin kompjuterik te kampusit universitar, baz\u00ebn e t\u00eb dh\u00ebnave p\u00ebr proceset e ndryshme, si dhe mir\u00ebmbajtjen e harduerit. Paralelisht, mbante dhe ushtrimet si asistent n\u00eb l\u00ebnd\u00eb t\u00eb ndryshme n\u00eb katedr\u00ebn e informatik\u00ebs.<br \/>N\u00eb vitin 2014, em\u00ebrohet shef i Zyr\u00ebs p\u00ebr P\u00ebrpilim dhe Menaxhim me Projekte, pran\u00eb rektoratit t\u00eb universitetit, ku p\u00ebr her\u00eb t\u00eb par\u00eb universiteti arriti t\u00eb fitoj projekt evropian nga IPA-CBC fondet evropiane n\u00eb partneritet me Universitetin e Prishtin\u00ebs. Gjithashtu, menaxhoi dhe projekte t\u00eb Google, konferenc\u00ebn shkencore t\u00eb IEEE p\u00ebr komunikime elektronike, HCFC, Projekt ShBA-Maqedoni e Veriut n\u00eb fush\u00ebn e mjek\u00ebsis, si dhe shum\u00eb projekte t\u00eb tjera.<br \/>N\u00eb Prill t\u00eb vitit 2016, merr detyr\u00ebn e Zv. Kryeministrit n\u00eb qeverin\u00eb e R. s\u00eb Maqedonis\u00eb ku udh\u00ebhoqi dhe me komisionin p\u00ebr sistem politik. Gjat\u00eb k\u00ebsaj periudhe ndihmoi n\u00eb themelimin e Universitetit N\u00ebn\u00eb Tereza n\u00eb Shkup, zgjerimin e Universitetit t\u00eb Tetov\u00ebs me dy fakultete t\u00eb reja, at\u00eb Pedagogjik dhe t\u00eb Bujq\u00ebsis\u00eb, si dhe 130 pun\u00ebsime t\u00eb reja si staf akademik ashtu edhe administrator\u00eb n\u00eb Universitet t\u00eb Tetov\u00ebs. Nj\u00ebherit, ndikoi n\u00eb rritjen e P\u00ebrfaq\u00ebsimit t\u00eb drejt\u00eb dhe adekuat n\u00eb shum\u00eb sektor\u00eb, Sh\u00ebndet\u00ebsi, Post\u00eb dhe shum\u00eb institucione t\u00eb tjera. Ishte vendimarr\u00ebse dhe reduktimi drastik i ndotjes s\u00eb ambientit n\u00eb Tetov\u00eb dhe m\u00eb gjer\u00eb, me iniciativ\u00ebn p\u00ebr mbylljen e Jugokromit, p\u00ebr shkak mos vendosjes s\u00eb filtrave. P\u00ebr shum\u00eb projekte kapitale u rrit buxheti si: Universiteti i Tetov\u00ebs, Universiteti N\u00ebn\u00eb Tereza, Teatri i Tetov\u00ebs dhe Shkupit, Sheshi Skenderbej, Muzeu i Alfabetit, Sistemi i ujitjes Raven \u2013 Re\u00e7ic\u00eb etj.<br \/>N\u00eb tetor t\u00eb 2019 merr drejtimin e Nd\u00ebrmarrjes Publike p\u00ebr Infrastruktur\u00eb Hekurudhore \u2013 Hekurudhat e Republik\u00ebs s\u00eb Maqedonis\u00eb s\u00eb Veriut, ku realizoi projekte t\u00eb ndryshme n\u00eb infrastruktur\u00eb dhe zgj\u00ebrim t\u00eb kapaciteteve t\u00eb digjitalizimit.<br \/>N\u00eb n\u00ebntor t\u00eb 2020 jep dor\u00ebheqje tek hekurudhat, p\u00ebr t\u00eb drejtuar nj\u00eb nd\u00ebrrmarje tjet\u00ebr publike, si\u00e7 \u00ebsht\u00eb Radiodifuzioni Nacional, me q\u00ebllim t\u00eb realizimit t\u00eb Agjend\u00ebs digjitale Evropiane n\u00eb Maqedonin\u00eb e Veriut, t\u00eb p\u00ebrpiluar nga Komisioni dhe Parlamenti Evropian.<\/p>\n<p>Tani udh\u00ebheq me disa projekte evropiane n\u00eb kuad\u00ebr t\u00eb teknologjive inovative t\u00eb informacionit.<\/p>\n\t\t\t\t\t\t\t\t<\/div>\n\t\t\t\t\t<\/div>\n\t\t\t\t<\/div>\n\t\t\t\t<\/div>\n\t\t","protected":false},"excerpt":{"rendered":"<p>Dr. Festim Halili \u00ebsht\u00eb profesor ordinar n\u00eb departamentin e shkencave kompjuterike pran\u00eb Fakultetit t\u00eb Shkencave Matematike &#8211; Natyrore n\u00eb Universitetin [&hellip;]<\/p>\n","protected":false},"author":1,"featured_media":0,"parent":0,"menu_order":0,"comment_status":"closed","ping_status":"open","template":"","meta":{"footnotes":""},"class_list":["post-2","page","type-page","status-publish","hentry"],"yoast_head":"<!-- This site is optimized with the Yoast SEO plugin v25.5 - https:\/\/yoast.com\/wordpress\/plugins\/seo\/ -->\n<title>Biografia - Festim Halili<\/title>\n<meta name=\"robots\" content=\"index, follow, max-snippet:-1, max-image-preview:large, max-video-preview:-1\" \/>\n<link rel=\"canonical\" href=\"https:\/\/festimhalili.com\/index.php\/biografia\/\" \/>\n<meta property=\"og:locale\" content=\"sq_AL\" \/>\n<meta property=\"og:type\" content=\"article\" \/>\n<meta property=\"og:title\" content=\"Biografia - Festim Halili\" \/>\n<meta property=\"og:description\" content=\"Dr. Festim Halili \u00ebsht\u00eb profesor ordinar n\u00eb departamentin e shkencave kompjuterike pran\u00eb Fakultetit t\u00eb Shkencave Matematike &#8211; Natyrore n\u00eb Universitetin [&hellip;]\" \/>\n<meta property=\"og:url\" content=\"https:\/\/festimhalili.com\/index.php\/biografia\/\" \/>\n<meta property=\"og:site_name\" content=\"Festim Halili\" \/>\n<meta property=\"article:modified_time\" content=\"2025-07-14T15:51:37+00:00\" \/>\n<meta name=\"twitter:card\" content=\"summary_large_image\" \/>\n<meta name=\"twitter:label1\" content=\"Est. reading time\" \/>\n\t<meta name=\"twitter:data1\" content=\"3 minuta\" \/>\n<script type=\"application\/ld+json\" class=\"yoast-schema-graph\">{\"@context\":\"https:\/\/schema.org\",\"@graph\":[{\"@type\":\"WebPage\",\"@id\":\"https:\/\/festimhalili.com\/index.php\/biografia\/\",\"url\":\"https:\/\/festimhalili.com\/index.php\/biografia\/\",\"name\":\"Biografia - Festim Halili\",\"isPartOf\":{\"@id\":\"https:\/\/festimhalili.com\/#website\"},\"datePublished\":\"2025-07-11T21:23:05+00:00\",\"dateModified\":\"2025-07-14T15:51:37+00:00\",\"breadcrumb\":{\"@id\":\"https:\/\/festimhalili.com\/index.php\/biografia\/#breadcrumb\"},\"inLanguage\":\"sq\",\"potentialAction\":[{\"@type\":\"ReadAction\",\"target\":[\"https:\/\/festimhalili.com\/index.php\/biografia\/\"]}]},{\"@type\":\"BreadcrumbList\",\"@id\":\"https:\/\/festimhalili.com\/index.php\/biografia\/#breadcrumb\",\"itemListElement\":[{\"@type\":\"ListItem\",\"position\":1,\"name\":\"Home\",\"item\":\"https:\/\/festimhalili.com\/\"},{\"@type\":\"ListItem\",\"position\":2,\"name\":\"Biografia\"}]},{\"@type\":\"WebSite\",\"@id\":\"https:\/\/festimhalili.com\/#website\",\"url\":\"https:\/\/festimhalili.com\/\",\"name\":\"Festim Halili\",\"description\":\"\",\"potentialAction\":[{\"@type\":\"SearchAction\",\"target\":{\"@type\":\"EntryPoint\",\"urlTemplate\":\"https:\/\/festimhalili.com\/?s={search_term_string}\"},\"query-input\":{\"@type\":\"PropertyValueSpecification\",\"valueRequired\":true,\"valueName\":\"search_term_string\"}}],\"inLanguage\":\"sq\"}]}<\/script>\n<!-- \/ Yoast SEO plugin. -->","yoast_head_json":{"title":"Biografia - Festim Halili","robots":{"index":"index","follow":"follow","max-snippet":"max-snippet:-1","max-image-preview":"max-image-preview:large","max-video-preview":"max-video-preview:-1"},"canonical":"https:\/\/festimhalili.com\/index.php\/biografia\/","og_locale":"sq_AL","og_type":"article","og_title":"Biografia - Festim Halili","og_description":"Dr. Festim Halili \u00ebsht\u00eb profesor ordinar n\u00eb departamentin e shkencave kompjuterike pran\u00eb Fakultetit t\u00eb Shkencave Matematike &#8211; Natyrore n\u00eb Universitetin [&hellip;]","og_url":"https:\/\/festimhalili.com\/index.php\/biografia\/","og_site_name":"Festim Halili","article_modified_time":"2025-07-14T15:51:37+00:00","twitter_card":"summary_large_image","twitter_misc":{"Est. reading time":"3 minuta"},"schema":{"@context":"https:\/\/schema.org","@graph":[{"@type":"WebPage","@id":"https:\/\/festimhalili.com\/index.php\/biografia\/","url":"https:\/\/festimhalili.com\/index.php\/biografia\/","name":"Biografia - Festim Halili","isPartOf":{"@id":"https:\/\/festimhalili.com\/#website"},"datePublished":"2025-07-11T21:23:05+00:00","dateModified":"2025-07-14T15:51:37+00:00","breadcrumb":{"@id":"https:\/\/festimhalili.com\/index.php\/biografia\/#breadcrumb"},"inLanguage":"sq","potentialAction":[{"@type":"ReadAction","target":["https:\/\/festimhalili.com\/index.php\/biografia\/"]}]},{"@type":"BreadcrumbList","@id":"https:\/\/festimhalili.com\/index.php\/biografia\/#breadcrumb","itemListElement":[{"@type":"ListItem","position":1,"name":"Home","item":"https:\/\/festimhalili.com\/"},{"@type":"ListItem","position":2,"name":"Biografia"}]},{"@type":"WebSite","@id":"https:\/\/festimhalili.com\/#website","url":"https:\/\/festimhalili.com\/","name":"Festim Halili","description":"","potentialAction":[{"@type":"SearchAction","target":{"@type":"EntryPoint","urlTemplate":"https:\/\/festimhalili.com\/?s={search_term_string}"},"query-input":{"@type":"PropertyValueSpecification","valueRequired":true,"valueName":"search_term_string"}}],"inLanguage":"sq"}]}},"_links":{"self":[{"href":"https:\/\/festimhalili.com\/index.php\/wp-json\/wp\/v2\/pages\/2","targetHints":{"allow":["GET"]}}],"collection":[{"href":"https:\/\/festimhalili.com\/index.php\/wp-json\/wp\/v2\/pages"}],"about":[{"href":"https:\/\/festimhalili.com\/index.php\/wp-json\/wp\/v2\/types\/page"}],"author":[{"embeddable":true,"href":"https:\/\/festimhalili.com\/index.php\/wp-json\/wp\/v2\/users\/1"}],"replies":[{"embeddable":true,"href":"https:\/\/festimhalili.com\/index.php\/wp-json\/wp\/v2\/comments?post=2"}],"version-history":[{"count":8,"href":"https:\/\/festimhalili.com\/index.php\/wp-json\/wp\/v2\/pages\/2\/revisions"}],"predecessor-version":[{"id":61,"href":"https:\/\/festimhalili.com\/index.php\/wp-json\/wp\/v2\/pages\/2\/revisions\/61"}],"wp:attachment":[{"href":"https:\/\/festimhalili.com\/index.php\/wp-json\/wp\/v2\/media?parent=2"}],"curies":[{"name":"wp","href":"https:\/\/api.w.org\/{rel}","templated":true}]}}